{"id":657,"date":"2025-05-16T17:35:51","date_gmt":"2025-05-16T21:35:51","guid":{"rendered":"https:\/\/www.contactcurious.com\/terms\/"},"modified":"2025-09-02T10:31:52","modified_gmt":"2025-09-02T14:31:52","slug":"terms","status":"publish","type":"page","link":"https:\/\/www.contactcurious.com\/fr\/terms\/","title":{"rendered":"Conditions"},"content":{"rendered":"<p>[et_pb_section fb_built=\u00a0\u00bb1&Prime; admin_label=\u00a0\u00bbCall to Action\u00a0\u00bb module_id=\u00a0\u00bbEDU\u00a0\u00bb _builder_version=\u00a0\u00bb4.27.4&Prime; _module_preset=\u00a0\u00bb103a8428-698f-4f2c-b7e8-dee9d1954e94&Prime; background_color=\u00a0\u00bbRGBA(255,255,255,0)\u00a0\u00bb custom_margin=\u00a0\u00bb||||false\u00a0\u00bb custom_padding=\u00a0\u00bb0vw||0vw||true|false\u00a0\u00bb locked=\u00a0\u00bboff\u00a0\u00bb collapsed=\u00a0\u00bboff\u00a0\u00bb global_colors_info=\u00a0\u00bb{}\u00a0\u00bb theme_builder_area=\u00a0\u00bbpost_content\u00a0\u00bb][et_pb_row _builder_version=\u00a0\u00bb4.25.2&Prime; _module_preset=\u00a0\u00bbdefault\u00a0\u00bb global_colors_info=\u00a0\u00bb{}\u00a0\u00bb theme_builder_area=\u00a0\u00bbpost_content\u00a0\u00bb][et_pb_column type=\u00a0\u00bb4_4&Prime; _builder_version=\u00a0\u00bb4.25.1&Prime; _module_preset=\u00a0\u00bbdefault\u00a0\u00bb global_colors_info=\u00a0\u00bb{}\u00a0\u00bb theme_builder_area=\u00a0\u00bbpost_content\u00a0\u00bb][et_pb_heading title=\u00a0\u00bbConditions g\u00e9n\u00e9rales \u2013 Offre d\u2019une remise de 100 $ (Canada seulement)\u00a0\u00bb admin_label=\u00a0\u00bbConditions g\u00e9n\u00e9rales\u00a0\u00bb _builder_version=\u00a0\u00bb4.27.4&Prime; _module_preset=\u00a0\u00bb7e51d9fa-2d69-4942-a9e3-5c3478da1697&Prime; title_font=\u00a0\u00bbBarlow|900|||||||\u00a0\u00bb title_text_align=\u00a0\u00bbleft\u00a0\u00bb title_text_color=\u00a0\u00bb#164170&Prime; title_font_size=\u00a0\u00bb56px\u00a0\u00bb title_letter_spacing=\u00a0\u00bb1px\u00a0\u00bb custom_margin=\u00a0\u00bb||46px||false|false\u00a0\u00bb global_colors_info=\u00a0\u00bb{}\u00a0\u00bb theme_builder_area=\u00a0\u00bbpost_content\u00a0\u00bb][\/et_pb_heading][et_pb_text ul_item_indent=\u00a0\u00bb20px\u00a0\u00bb ol_item_indent=\u00a0\u00bb20px\u00a0\u00bb admin_label=\u00a0\u00bbAdmissibilit\u00e9 \u00e0 l&rsquo;offre\u00a0\u00bb _builder_version=\u00a0\u00bb4.27.4&Prime; _module_preset=\u00a0\u00bbdefault\u00a0\u00bb text_font=\u00a0\u00bbBarlow||||||||\u00a0\u00bb text_text_color=\u00a0\u00bb#075e91&Prime; text_font_size=\u00a0\u00bb26px\u00a0\u00bb text_line_height=\u00a0\u00bb1.8em\u00a0\u00bb ul_font=\u00a0\u00bb||||||||\u00a0\u00bb ul_line_height=\u00a0\u00bb1.8em\u00a0\u00bb ol_line_height=\u00a0\u00bb1.8em\u00a0\u00bb header_2_font=\u00a0\u00bbBarlow|700||on|||||\u00a0\u00bb header_2_text_color=\u00a0\u00bb#70a4bb\u00a0\u00bb header_2_font_size=\u00a0\u00bb37px\u00a0\u00bb custom_margin=\u00a0\u00bb||20px||false|false\u00a0\u00bb custom_css_free_form=\u00a0\u00bbp {|| font-weight: 500;||}\u00a0\u00bb global_colors_info=\u00a0\u00bb{}\u00a0\u00bb theme_builder_area=\u00a0\u00bbpost_content\u00a0\u00bb]<\/p>\n<h2>Admissibilit\u00e9 \u00e0 l&rsquo;offre :<\/h2>\n<p>Cette offre de remise (\u00ab offre \u00bb) est valide seulement pour les r\u00e9sidents canadiens qui :<\/p>\n<ul>\n<li>sont de l\u2019\u00e2ge de la majorit\u00e9 en vertu de la loi applicable ;<\/li>\n<li>ont fait faire un ajustement de la vision admissible dans un \u00e9tablissement d\u2019optom\u00e9trie participant au Canada ;<\/li>\n<li>ont achet\u00e9 <strong>deux (2) bo\u00eetes de lentilles corn\u00e9ennes Bausch + Lomb ULTRAMD ONE DAY, de lentilles corn\u00e9ennes Bausch + Lomb BiotrueMD ONEday ou de lentilles corn\u00e9ennes mensuelles ULTRAMD admissibles (\u00ab achat admissible \u00bb)<\/strong> en une seule transaction ; et<\/li>\n<li>ont transmis une demande de remise valide telle que d\u00e9crite ci-dessous.<\/li>\n<\/ul>\n<p>[\/et_pb_text][et_pb_text ul_item_indent=\u00a0\u00bb20px\u00a0\u00bb ol_item_indent=\u00a0\u00bb20px\u00a0\u00bb admin_label=\u00a0\u00bbP\u00e9riode de l&rsquo;offre\u00a0\u00bb _builder_version=\u00a0\u00bb4.27.4&Prime; _module_preset=\u00a0\u00bbdefault\u00a0\u00bb text_font=\u00a0\u00bbBarlow||||||||\u00a0\u00bb text_text_color=\u00a0\u00bb#075e91&Prime; text_font_size=\u00a0\u00bb26px\u00a0\u00bb text_line_height=\u00a0\u00bb1.8em\u00a0\u00bb ul_font=\u00a0\u00bb||||||||\u00a0\u00bb ul_line_height=\u00a0\u00bb1.8em\u00a0\u00bb ol_line_height=\u00a0\u00bb1.8em\u00a0\u00bb header_2_font=\u00a0\u00bbBarlow|700||on|||||\u00a0\u00bb header_2_text_color=\u00a0\u00bb#70a4bb\u00a0\u00bb header_2_font_size=\u00a0\u00bb37px\u00a0\u00bb custom_margin=\u00a0\u00bb||20px||false|false\u00a0\u00bb custom_padding=\u00a0\u00bb||26px||false|false\u00a0\u00bb custom_css_free_form=\u00a0\u00bbp {|| font-weight: 500;||}\u00a0\u00bb global_colors_info=\u00a0\u00bb{}\u00a0\u00bb theme_builder_area=\u00a0\u00bbpost_content\u00a0\u00bb]<\/p>\n<h2>P\u00e9riode de l&rsquo;offre :<\/h2>\n<p>Valable pour les achats admissibles effectu\u00e9s entre le <strong>16 juin 2025 et le 31 d\u00e9cembre 2025<\/strong>, jusqu&rsquo;\u00e0 \u00e9puisement des stocks (\u00ab p\u00e9riode de l&rsquo;offre \u00bb).<\/p>\n<p>[\/et_pb_text][et_pb_text ul_item_indent=\u00a0\u00bb20px\u00a0\u00bb ol_position=\u00a0\u00bboutside\u00a0\u00bb ol_item_indent=\u00a0\u00bb20px\u00a0\u00bb admin_label=\u00a0\u00bbComment demander votre remise de 100 $\u00a0\u00bb _builder_version=\u00a0\u00bb4.27.4&Prime; _module_preset=\u00a0\u00bbdefault\u00a0\u00bb text_font=\u00a0\u00bbBarlow||||||||\u00a0\u00bb text_text_color=\u00a0\u00bb#075e91&Prime; text_font_size=\u00a0\u00bb26px\u00a0\u00bb text_line_height=\u00a0\u00bb1.8em\u00a0\u00bb ul_font=\u00a0\u00bb||||||||\u00a0\u00bb ul_line_height=\u00a0\u00bb1.8em\u00a0\u00bb ol_line_height=\u00a0\u00bb1.8em\u00a0\u00bb header_2_font=\u00a0\u00bbBarlow|700||on|||||\u00a0\u00bb header_2_text_color=\u00a0\u00bb#70a4bb\u00a0\u00bb header_2_font_size=\u00a0\u00bb37px\u00a0\u00bb custom_margin=\u00a0\u00bb||20px||false|false\u00a0\u00bb custom_css_free_form=\u00a0\u00bbp {|| font-weight: 500;||}\u00a0\u00bb global_colors_info=\u00a0\u00bb{}\u00a0\u00bb theme_builder_area=\u00a0\u00bbpost_content\u00a0\u00bb]<\/p>\n<h2>Comment demander votre remise de 100 $ :<\/h2>\n<p>To receive a $100 prepaid Visa\u00ae card (issued digitally), you must:<\/p>\n<ol>\n<li aria-level=\"1\">prendre rendez-vous pour faire un ajustement de la vision chez un optom\u00e9triste participant au programme Chaque lentille compte pendant la p\u00e9riode de l&rsquo;offre ;<\/li>\n<li aria-level=\"1\">acheter deux (2) bo\u00eetes de lentilles corn\u00e9ennes ULTRAMD ONE DAY, de lentilles corn\u00e9ennes Bausch + Lomb BiotrueMD ONEday ou de lentilles corn\u00e9ennes mensuelles ULTRAMD admissibles de Bausch + Lomb lors de votre ajustement ;<\/li>\n<li aria-level=\"1\">t\u00e9l\u00e9charger les pi\u00e8ces suivantes au plus tard le 31 d\u00e9cembre 2025 :\n<ol>\n<li aria-level=\"1\">une copie lisible de votre re\u00e7u indiquant le paiement pour l&rsquo;ajustement de la vision et l&rsquo;achat du produit admissible. La copie doit \u00eatre claire et lisible pour montrer le produit achet\u00e9 et la date d&rsquo;achat ;<\/li>\n<li aria-level=\"1\">un formulaire de remise d\u00fbment rempli, disponible \u00e0 contactcurious.com.<\/li>\n<\/ol>\n<\/li>\n<\/ol>\n<p>[\/et_pb_text][et_pb_text ul_item_indent=\u00a0\u00bb20px\u00a0\u00bb ol_item_indent=\u00a0\u00bb20px\u00a0\u00bb admin_label=\u00a0\u00bbLimite\u00a0\u00bb _builder_version=\u00a0\u00bb4.27.4&Prime; _module_preset=\u00a0\u00bbdefault\u00a0\u00bb text_font=\u00a0\u00bbBarlow||||||||\u00a0\u00bb text_text_color=\u00a0\u00bb#075e91&Prime; text_font_size=\u00a0\u00bb26px\u00a0\u00bb text_line_height=\u00a0\u00bb1.8em\u00a0\u00bb ul_font=\u00a0\u00bb||||||||\u00a0\u00bb ul_line_height=\u00a0\u00bb1.8em\u00a0\u00bb ol_line_height=\u00a0\u00bb1.8em\u00a0\u00bb header_2_font=\u00a0\u00bbBarlow|700||on|||||\u00a0\u00bb header_2_text_color=\u00a0\u00bb#70a4bb\u00a0\u00bb header_2_font_size=\u00a0\u00bb37px\u00a0\u00bb custom_margin=\u00a0\u00bb||20px||false|false\u00a0\u00bb custom_padding=\u00a0\u00bb||26px||false|false\u00a0\u00bb custom_css_free_form=\u00a0\u00bbp {|| font-weight: 500;||}\u00a0\u00bb global_colors_info=\u00a0\u00bb{}\u00a0\u00bb theme_builder_area=\u00a0\u00bbpost_content\u00a0\u00bb]<\/p>\n<h2>Limite :<\/h2>\n<p>Limite d&rsquo;une (1) remise par personne pour tout achat admissible, sauf dans les cas o\u00f9 cela est interdit. L&rsquo;offre ne peut \u00eatre cumul\u00e9e avec d&rsquo;autres offres, remises ou promotions sur le m\u00eame produit.<\/p>\n<p>[\/et_pb_text][et_pb_text ul_item_indent=\u00a0\u00bb20px\u00a0\u00bb ol_item_indent=\u00a0\u00bb20px\u00a0\u00bb admin_label=\u00a0\u00bbR\u00e9ception de la remise\u00a0\u00bb _builder_version=\u00a0\u00bb4.27.4&Prime; _module_preset=\u00a0\u00bbdefault\u00a0\u00bb text_font=\u00a0\u00bbBarlow||||||||\u00a0\u00bb text_text_color=\u00a0\u00bb#075e91&Prime; text_font_size=\u00a0\u00bb26px\u00a0\u00bb text_line_height=\u00a0\u00bb1.8em\u00a0\u00bb ul_font=\u00a0\u00bb||||||||\u00a0\u00bb ul_line_height=\u00a0\u00bb1.8em\u00a0\u00bb ol_line_height=\u00a0\u00bb1.8em\u00a0\u00bb header_2_font=\u00a0\u00bbBarlow|700||on|||||\u00a0\u00bb header_2_text_color=\u00a0\u00bb#70a4bb\u00a0\u00bb header_2_font_size=\u00a0\u00bb37px\u00a0\u00bb custom_margin=\u00a0\u00bb||20px||false|false\u00a0\u00bb custom_padding=\u00a0\u00bb||26px||false|false\u00a0\u00bb custom_css_free_form=\u00a0\u00bbp {|| font-weight: 500;||}\u00a0\u00bb global_colors_info=\u00a0\u00bb{}\u00a0\u00bb theme_builder_area=\u00a0\u00bbpost_content\u00a0\u00bb]<\/p>\n<h2>R\u00e9ception de la remise :<\/h2>\n<p>Les participants admissibles recevront une carte Visa<sup>MD<\/sup> pr\u00e9pay\u00e9e de 100 $ transmise num\u00e9riquement par courriel \u00e0 l\u2019adresse \u00e9lectronique indiqu\u00e9e sur le formulaire de remise dans les 2 \u00e0 4 semaines suivant la r\u00e9ception d\u2019une demande valide. La carte est assujettie aux conditions g\u00e9n\u00e9rales de l&rsquo;\u00e9metteur de la carte.<\/p>\n<p>[\/et_pb_text][et_pb_text ul_item_indent=\u00a0\u00bb20px\u00a0\u00bb ol_item_indent=\u00a0\u00bb20px\u00a0\u00bb admin_label=\u00a0\u00bbConditions suppl\u00e9mentaires\u00a0\u00bb _builder_version=\u00a0\u00bb4.27.4&Prime; _module_preset=\u00a0\u00bbdefault\u00a0\u00bb text_font=\u00a0\u00bbBarlow||||||||\u00a0\u00bb text_text_color=\u00a0\u00bb#075e91&Prime; text_font_size=\u00a0\u00bb26px\u00a0\u00bb text_line_height=\u00a0\u00bb1.8em\u00a0\u00bb ul_font=\u00a0\u00bb||||||||\u00a0\u00bb ul_line_height=\u00a0\u00bb1.8em\u00a0\u00bb ol_line_height=\u00a0\u00bb1.8em\u00a0\u00bb header_2_font=\u00a0\u00bbBarlow|700||on|||||\u00a0\u00bb header_2_text_color=\u00a0\u00bb#70a4bb\u00a0\u00bb header_2_font_size=\u00a0\u00bb37px\u00a0\u00bb custom_margin=\u00a0\u00bb||20px||false|false\u00a0\u00bb custom_css_free_form=\u00a0\u00bbp {|| font-weight: 500;||}\u00a0\u00bb global_colors_info=\u00a0\u00bb{}\u00a0\u00bb theme_builder_area=\u00a0\u00bbpost_content\u00a0\u00bb]<\/p>\n<h2>Conditions suppl\u00e9mentaires :<\/h2>\n<ul>\n<li aria-level=\"1\">Les demandes incompl\u00e8tes, illisibles, tardives ou en double ne seront pas accept\u00e9es.<\/li>\n<li aria-level=\"1\">L&rsquo;offre est nulle l\u00e0 o\u00f9 elle est interdite ou restreinte par la loi.<\/li>\n<li aria-level=\"1\">Le commanditaire se r\u00e9serve le droit d&rsquo;annuler, de modifier ou de retirer cette offre \u00e0 tout moment et sans pr\u00e9avis.<\/li>\n<li aria-level=\"1\">La preuve d&rsquo;achat doit \u00eatre authentique et v\u00e9rifiable.<\/li>\n<li aria-level=\"1\">La carte num\u00e9rique doit \u00eatre activ\u00e9e et utilis\u00e9e conform\u00e9ment aux conditions de l\u2019\u00e9metteur.<\/li>\n<li aria-level=\"1\">Les participants sont responsables de toutes taxes applicables, le cas \u00e9ch\u00e9ant, ainsi que de tous frais et d\u00e9penses associ\u00e9s \u00e0 l&rsquo;acceptation et \u00e0 l&rsquo;utilisation de l&rsquo;offre qui ne sont pas sp\u00e9cifi\u00e9s dans les pr\u00e9sentes comme \u00e9tant fournis. Aucun retour n&rsquo;est autoris\u00e9. L&rsquo;offre n&rsquo;est pas transf\u00e9rable, cessible ou substituable, sauf \u00e0 la seule et absolue discr\u00e9tion du commanditaire. Aucune demande de groupe ou d&rsquo;organisation ne sera honor\u00e9e. Bausch + Lomb se r\u00e9serve le droit de modifier ou de remplacer l\u2019offre par un article de valeur comparable ou sup\u00e9rieure \u00e0 sa seule et absolue discr\u00e9tion.<\/li>\n<li aria-level=\"1\">L&rsquo;offre peut \u00eatre retir\u00e9e, annul\u00e9e ou r\u00e9sili\u00e9e sans pr\u00e9avis pour quelque raison que ce soit. L\u2019offre est sujette \u00e0 modification \u00e0 la seule et absolue discr\u00e9tion de Bausch + Lomb.<\/li>\n<\/ul>\n<p>[\/et_pb_text][\/et_pb_column][\/et_pb_row][\/et_pb_section]<\/p>\n","protected":false},"excerpt":{"rendered":"<p>Admissibilit\u00e9 \u00e0 l&rsquo;offre : Cette offre de remise (\u00ab offre \u00bb) est valide seulement pour les r\u00e9sidents canadiens qui : sont de l\u2019\u00e2ge de la majorit\u00e9 en vertu de la loi applicable ; ont fait faire un ajustement de la vision admissible dans un \u00e9tablissement d\u2019optom\u00e9trie participant au Canada ; ont achet\u00e9 deux (2) bo\u00eetes [&hellip;]<\/p>\n","protected":false},"author":1,"featured_media":0,"parent":0,"menu_order":0,"comment_status":"closed","ping_status":"closed","template":"","meta":{"_et_pb_use_builder":"on","_et_pb_old_content":"<!-- wp:paragraph -->\r\n<p>This is an example page. It's different from a blog post because it will stay in one place and will show up in your site navigation (in most themes). Most people start with an About page that introduces them to potential site visitors. It might say something like this:<\/p>\r\n<!-- \/wp:paragraph --><!-- wp:quote -->\r\n<blockquote class=\"wp-block-quote\">\r\n<p>Hi there! I'm a bike messenger by day, aspiring actor by night, and this is my website. I live in Los Angeles, have a great dog named Jack, and I like pi\u00f1a coladas. (And gettin' caught in the rain.)<\/p>\r\n<\/blockquote>\r\n<!-- \/wp:quote --><!-- wp:paragraph -->\r\n<p>...or something like this:<\/p>\r\n<!-- \/wp:paragraph --><!-- wp:quote -->\r\n<blockquote class=\"wp-block-quote\">\r\n<p>The XYZ Doohickey Company was founded in 1971, and has been providing quality doohickeys to the public ever since. Located in Gotham City, XYZ employs over 2,000 people and does all kinds of awesome things for the Gotham community.<\/p>\r\n<\/blockquote>\r\n<!-- \/wp:quote --><!-- wp:paragraph -->\r\n<p>As a new WordPress user, you should go to <a href=\"https:\/\/www.contactcurious.com\/wp-admin\/\">your dashboard<\/a> to delete this page and create new pages for your content. Have fun!<\/p>\r\n<!-- \/wp:paragraph -->","_et_gb_content_width":"","_monsterinsights_skip_tracking":false,"_monsterinsights_sitenote_active":false,"_monsterinsights_sitenote_note":"","_monsterinsights_sitenote_category":0,"footnotes":""},"class_list":["post-657","page","type-page","status-publish","hentry"],"yoast_head":"<!-- This site is optimized with the Yoast SEO plugin v27.4 - https:\/\/yoast.com\/product\/yoast-seo-wordpress\/ -->\n<title>Conditions - Contact Curious | Bausch + Lomb<\/title>\n<meta name=\"robots\" content=\"index, follow, max-snippet:-1, max-image-preview:large, max-video-preview:-1\" \/>\n<link rel=\"canonical\" href=\"https:\/\/www.contactcurious.com\/fr\/terms\/\" \/>\n<meta property=\"og:locale\" content=\"fr_FR\" \/>\n<meta property=\"og:type\" content=\"article\" \/>\n<meta property=\"og:title\" content=\"Conditions - Contact Curious | Bausch + Lomb\" \/>\n<meta property=\"og:description\" content=\"Admissibilit\u00e9 \u00e0 l&#039;offre : Cette offre de remise (\u00ab offre \u00bb) est valide seulement pour les r\u00e9sidents canadiens qui : sont de l\u2019\u00e2ge de la majorit\u00e9 en vertu de la loi applicable ; ont fait faire un ajustement de la vision admissible dans un \u00e9tablissement d\u2019optom\u00e9trie participant au Canada ; ont achet\u00e9 deux (2) bo\u00eetes [&hellip;]\" \/>\n<meta property=\"og:url\" content=\"https:\/\/www.contactcurious.com\/fr\/terms\/\" \/>\n<meta property=\"og:site_name\" content=\"Contact Curious | Bausch + Lomb\" \/>\n<meta property=\"article:modified_time\" content=\"2025-09-02T14:31:52+00:00\" \/>\n<meta name=\"twitter:card\" content=\"summary_large_image\" \/>\n<meta name=\"twitter:label1\" content=\"Dur\u00e9e de lecture estim\u00e9e\" \/>\n\t<meta name=\"twitter:data1\" content=\"3 minutes\" \/>\n<script type=\"application\/ld+json\" class=\"yoast-schema-graph\">{\"@context\":\"https:\\\/\\\/schema.org\",\"@graph\":[{\"@type\":\"WebPage\",\"@id\":\"https:\\\/\\\/www.contactcurious.com\\\/fr\\\/terms\\\/\",\"url\":\"https:\\\/\\\/www.contactcurious.com\\\/fr\\\/terms\\\/\",\"name\":\"Conditions - Contact Curious | Bausch + Lomb\",\"isPartOf\":{\"@id\":\"https:\\\/\\\/www.contactcurious.com\\\/#website\"},\"datePublished\":\"2025-05-16T21:35:51+00:00\",\"dateModified\":\"2025-09-02T14:31:52+00:00\",\"breadcrumb\":{\"@id\":\"https:\\\/\\\/www.contactcurious.com\\\/fr\\\/terms\\\/#breadcrumb\"},\"inLanguage\":\"fr-FR\",\"potentialAction\":[{\"@type\":\"ReadAction\",\"target\":[\"https:\\\/\\\/www.contactcurious.com\\\/fr\\\/terms\\\/\"]}]},{\"@type\":\"BreadcrumbList\",\"@id\":\"https:\\\/\\\/www.contactcurious.com\\\/fr\\\/terms\\\/#breadcrumb\",\"itemListElement\":[{\"@type\":\"ListItem\",\"position\":1,\"name\":\"Home\",\"item\":\"https:\\\/\\\/www.contactcurious.com\\\/fr\\\/\"},{\"@type\":\"ListItem\",\"position\":2,\"name\":\"Conditions\"}]},{\"@type\":\"WebSite\",\"@id\":\"https:\\\/\\\/www.contactcurious.com\\\/#website\",\"url\":\"https:\\\/\\\/www.contactcurious.com\\\/\",\"name\":\"Contact Curious | Bausch + Lomb\",\"description\":\"\",\"publisher\":{\"@id\":\"https:\\\/\\\/www.contactcurious.com\\\/#organization\"},\"potentialAction\":[{\"@type\":\"SearchAction\",\"target\":{\"@type\":\"EntryPoint\",\"urlTemplate\":\"https:\\\/\\\/www.contactcurious.com\\\/?s={search_term_string}\"},\"query-input\":{\"@type\":\"PropertyValueSpecification\",\"valueRequired\":true,\"valueName\":\"search_term_string\"}}],\"inLanguage\":\"fr-FR\"},{\"@type\":\"Organization\",\"@id\":\"https:\\\/\\\/www.contactcurious.com\\\/#organization\",\"name\":\"Contact Curious | Bausch + Lomb\",\"url\":\"https:\\\/\\\/www.contactcurious.com\\\/\",\"logo\":{\"@type\":\"ImageObject\",\"inLanguage\":\"fr-FR\",\"@id\":\"https:\\\/\\\/www.contactcurious.com\\\/#\\\/schema\\\/logo\\\/image\\\/\",\"url\":\"https:\\\/\\\/www.contactcurious.com\\\/wp-content\\\/uploads\\\/2025\\\/08\\\/ECCCampaignLogo-1.png\",\"contentUrl\":\"https:\\\/\\\/www.contactcurious.com\\\/wp-content\\\/uploads\\\/2025\\\/08\\\/ECCCampaignLogo-1.png\",\"width\":345,\"height\":168,\"caption\":\"Contact Curious | Bausch + Lomb\"},\"image\":{\"@id\":\"https:\\\/\\\/www.contactcurious.com\\\/#\\\/schema\\\/logo\\\/image\\\/\"},\"sameAs\":[\"https:\\\/\\\/www.instagram.com\\\/everycontactcounts\"]}]}<\/script>\n<!-- \/ Yoast SEO plugin. -->","yoast_head_json":{"title":"Conditions - Contact Curious | Bausch + Lomb","robots":{"index":"index","follow":"follow","max-snippet":"max-snippet:-1","max-image-preview":"max-image-preview:large","max-video-preview":"max-video-preview:-1"},"canonical":"https:\/\/www.contactcurious.com\/fr\/terms\/","og_locale":"fr_FR","og_type":"article","og_title":"Conditions - Contact Curious | Bausch + Lomb","og_description":"Admissibilit\u00e9 \u00e0 l'offre : Cette offre de remise (\u00ab offre \u00bb) est valide seulement pour les r\u00e9sidents canadiens qui : sont de l\u2019\u00e2ge de la majorit\u00e9 en vertu de la loi applicable ; ont fait faire un ajustement de la vision admissible dans un \u00e9tablissement d\u2019optom\u00e9trie participant au Canada ; ont achet\u00e9 deux (2) bo\u00eetes [&hellip;]","og_url":"https:\/\/www.contactcurious.com\/fr\/terms\/","og_site_name":"Contact Curious | Bausch + Lomb","article_modified_time":"2025-09-02T14:31:52+00:00","twitter_card":"summary_large_image","twitter_misc":{"Dur\u00e9e de lecture estim\u00e9e":"3 minutes"},"schema":{"@context":"https:\/\/schema.org","@graph":[{"@type":"WebPage","@id":"https:\/\/www.contactcurious.com\/fr\/terms\/","url":"https:\/\/www.contactcurious.com\/fr\/terms\/","name":"Conditions - Contact Curious | Bausch + Lomb","isPartOf":{"@id":"https:\/\/www.contactcurious.com\/#website"},"datePublished":"2025-05-16T21:35:51+00:00","dateModified":"2025-09-02T14:31:52+00:00","breadcrumb":{"@id":"https:\/\/www.contactcurious.com\/fr\/terms\/#breadcrumb"},"inLanguage":"fr-FR","potentialAction":[{"@type":"ReadAction","target":["https:\/\/www.contactcurious.com\/fr\/terms\/"]}]},{"@type":"BreadcrumbList","@id":"https:\/\/www.contactcurious.com\/fr\/terms\/#breadcrumb","itemListElement":[{"@type":"ListItem","position":1,"name":"Home","item":"https:\/\/www.contactcurious.com\/fr\/"},{"@type":"ListItem","position":2,"name":"Conditions"}]},{"@type":"WebSite","@id":"https:\/\/www.contactcurious.com\/#website","url":"https:\/\/www.contactcurious.com\/","name":"Contact Curious | Bausch + Lomb","description":"","publisher":{"@id":"https:\/\/www.contactcurious.com\/#organization"},"potentialAction":[{"@type":"SearchAction","target":{"@type":"EntryPoint","urlTemplate":"https:\/\/www.contactcurious.com\/?s={search_term_string}"},"query-input":{"@type":"PropertyValueSpecification","valueRequired":true,"valueName":"search_term_string"}}],"inLanguage":"fr-FR"},{"@type":"Organization","@id":"https:\/\/www.contactcurious.com\/#organization","name":"Contact Curious | Bausch + Lomb","url":"https:\/\/www.contactcurious.com\/","logo":{"@type":"ImageObject","inLanguage":"fr-FR","@id":"https:\/\/www.contactcurious.com\/#\/schema\/logo\/image\/","url":"https:\/\/www.contactcurious.com\/wp-content\/uploads\/2025\/08\/ECCCampaignLogo-1.png","contentUrl":"https:\/\/www.contactcurious.com\/wp-content\/uploads\/2025\/08\/ECCCampaignLogo-1.png","width":345,"height":168,"caption":"Contact Curious | Bausch + Lomb"},"image":{"@id":"https:\/\/www.contactcurious.com\/#\/schema\/logo\/image\/"},"sameAs":["https:\/\/www.instagram.com\/everycontactcounts"]}]}},"_links":{"self":[{"href":"https:\/\/www.contactcurious.com\/fr\/wp-json\/wp\/v2\/pages\/657","targetHints":{"allow":["GET"]}}],"collection":[{"href":"https:\/\/www.contactcurious.com\/fr\/wp-json\/wp\/v2\/pages"}],"about":[{"href":"https:\/\/www.contactcurious.com\/fr\/wp-json\/wp\/v2\/types\/page"}],"author":[{"embeddable":true,"href":"https:\/\/www.contactcurious.com\/fr\/wp-json\/wp\/v2\/users\/1"}],"replies":[{"embeddable":true,"href":"https:\/\/www.contactcurious.com\/fr\/wp-json\/wp\/v2\/comments?post=657"}],"version-history":[{"count":9,"href":"https:\/\/www.contactcurious.com\/fr\/wp-json\/wp\/v2\/pages\/657\/revisions"}],"predecessor-version":[{"id":899,"href":"https:\/\/www.contactcurious.com\/fr\/wp-json\/wp\/v2\/pages\/657\/revisions\/899"}],"wp:attachment":[{"href":"https:\/\/www.contactcurious.com\/fr\/wp-json\/wp\/v2\/media?parent=657"}],"curies":[{"name":"wp","href":"https:\/\/api.w.org\/{rel}","templated":true}]}}